{"id":15,"date":"2026-05-04T17:42:41","date_gmt":"2026-05-04T15:42:41","guid":{"rendered":"https:\/\/eveiletdevine.fr\/?page_id=15"},"modified":"2026-05-04T18:51:38","modified_gmt":"2026-05-04T16:51:38","slug":"accueil","status":"publish","type":"page","link":"https:\/\/eveiletdevine.fr\/?page_id=15","title":{"rendered":"Accueil"},"content":{"rendered":"\t\t<div data-elementor-type=\"wp-page\" data-elementor-id=\"15\" class=\"elementor elementor-15\">\n\t\t\t\t<div class=\"elementor-element elementor-element-493ec349 e-flex e-con-boxed e-con e-parent\" data-id=\"493ec349\" data-element_type=\"container\" data-e-type=\"container\">\n\t\t\t\t\t<div class=\"e-con-inner\">\n\t\t\t\t<div class=\"elementor-element elementor-element-21d57af8 elementor-widget elementor-widget-text-editor\" data-id=\"21d57af8\" data-element_type=\"widget\" data-e-type=\"widget\" data-widget_type=\"text-editor.default\">\n\t\t\t\t\t\t\t\t\t<p>PDF de r\u00e9vision clairs et pr\u00eats \u00e0 t\u00e9l\u00e9charger!<\/p>\t\t\t\t\t\t\t\t<\/div>\n\t\t\t\t\t\t\t\t<p class=\"e-paragraph-base\" data-interaction-id=\"57f149e\"  >\n\t\t\t\t\t\t\t\tDes fiches simples pour r\u00e9viser rapidement et efficacement.\n\t\t\t\t\t<\/p>\n\t\t\t\t\t\t\t\t<p class=\"e-paragraph-base\" data-interaction-id=\"0cadade\"  >\n\t\t\t\t\t\t\t\tVoir les PDF&nbsp;\n\t\t\t\t\t<\/p>\n\t\t\t\t\t\t\t\t<p class=\"e-paragraph-base\" data-interaction-id=\"6513d37\"  >\n\t\t\t\t\t\t\t\t \ud83d\udce5T\u00e9l\u00e9chargement imm\u00e9diat<br>  \ud83d\udcdaR\u00e9visions structur\u00e9es <br> \u26a1Acc\u00e8s instantan\u00e9\n\t\t\t\t\t<\/p>\n\t\t\t\t\t<\/div>\n\t\t\t\t<\/div>\n\t\t<div class=\"elementor-element elementor-element-17be823 e-flex e-con-boxed e-con e-parent\" data-id=\"17be823\" data-element_type=\"container\" data-e-type=\"container\">\n\t\t\t\t\t<div class=\"e-con-inner\">\n\t\t\t\t\t<\/div>\n\t\t\t\t<\/div>\n\t\t<div class=\"elementor-element elementor-element-d2b9afb e-flex e-con-boxed e-con e-parent\" data-id=\"d2b9afb\" data-element_type=\"container\" data-e-type=\"container\">\n\t\t\t\t\t<div class=\"e-con-inner\">\n\t\t<div class=\"elementor-element elementor-element-d0d9b40 e-con-full e-flex e-con e-child\" data-id=\"d0d9b40\" data-element_type=\"container\" data-e-type=\"container\">\n\t\t\t\t<\/div>\n\t\t<div class=\"elementor-element elementor-element-37557c9 e-con-full e-flex e-con e-child\" data-id=\"37557c9\" data-element_type=\"container\" data-e-type=\"container\">\n\t\t\t\t<\/div>\n\t\t\t\t\t<\/div>\n\t\t\t\t<\/div>\n\t\t\t\t<\/div>\n\t\t","protected":false},"excerpt":{"rendered":"<p>PDF de r\u00e9vision clairs et pr\u00eats \u00e0 t\u00e9l\u00e9charger! Des fiches simples pour r\u00e9viser rapidement et efficacement. Voir les PDF&nbsp; \ud83d\udce5T\u00e9l\u00e9chargement imm\u00e9diat \ud83d\udcdaR\u00e9visions structur\u00e9es \u26a1Acc\u00e8s instantan\u00e9<\/p>\n","protected":false},"author":1,"featured_media":0,"parent":0,"menu_order":0,"comment_status":"closed","ping_status":"closed","template":"","meta":{"footnotes":""},"class_list":["post-15","page","type-page","status-publish","hentry"],"yoast_head":"<!-- This site is optimized with the Yoast SEO plugin v27.5 - https:\/\/yoast.com\/product\/yoast-seo-wordpress\/ -->\n<title>Accueil - \u00c9VEIL &amp; DEVINE!<\/title>\n<meta name=\"robots\" content=\"index, follow, max-snippet:-1, max-image-preview:large, max-video-preview:-1\" \/>\n<link rel=\"canonical\" href=\"https:\/\/eveiletdevine.fr\/?page_id=15\" \/>\n<meta property=\"og:locale\" content=\"fr_FR\" \/>\n<meta property=\"og:type\" content=\"article\" \/>\n<meta property=\"og:title\" content=\"Accueil - \u00c9VEIL &amp; DEVINE!\" \/>\n<meta property=\"og:description\" content=\"PDF de r\u00e9vision clairs et pr\u00eats \u00e0 t\u00e9l\u00e9charger! Des fiches simples pour r\u00e9viser rapidement et efficacement. Voir les PDF&nbsp; \ud83d\udce5T\u00e9l\u00e9chargement imm\u00e9diat \ud83d\udcdaR\u00e9visions structur\u00e9es \u26a1Acc\u00e8s instantan\u00e9\" \/>\n<meta property=\"og:url\" content=\"https:\/\/eveiletdevine.fr\/?page_id=15\" \/>\n<meta property=\"og:site_name\" content=\"\u00c9VEIL &amp; DEVINE!\" \/>\n<meta property=\"article:modified_time\" content=\"2026-05-04T16:51:38+00:00\" \/>\n<meta name=\"twitter:card\" content=\"summary_large_image\" \/>\n<meta name=\"twitter:label1\" content=\"Dur\u00e9e de lecture estim\u00e9e\" \/>\n\t<meta name=\"twitter:data1\" content=\"1 minute\" \/>\n<script type=\"application\/ld+json\" class=\"yoast-schema-graph\">{\"@context\":\"https:\\\/\\\/schema.org\",\"@graph\":[{\"@type\":\"WebPage\",\"@id\":\"https:\\\/\\\/eveiletdevine.fr\\\/?page_id=15\",\"url\":\"https:\\\/\\\/eveiletdevine.fr\\\/?page_id=15\",\"name\":\"Accueil - \u00c9VEIL &amp; DEVINE!\",\"isPartOf\":{\"@id\":\"https:\\\/\\\/eveiletdevine.fr\\\/#website\"},\"datePublished\":\"2026-05-04T15:42:41+00:00\",\"dateModified\":\"2026-05-04T16:51:38+00:00\",\"breadcrumb\":{\"@id\":\"https:\\\/\\\/eveiletdevine.fr\\\/?page_id=15#breadcrumb\"},\"inLanguage\":\"fr-FR\",\"potentialAction\":[{\"@type\":\"ReadAction\",\"target\":[\"https:\\\/\\\/eveiletdevine.fr\\\/?page_id=15\"]}]},{\"@type\":\"BreadcrumbList\",\"@id\":\"https:\\\/\\\/eveiletdevine.fr\\\/?page_id=15#breadcrumb\",\"itemListElement\":[{\"@type\":\"ListItem\",\"position\":1,\"name\":\"Home\",\"item\":\"https:\\\/\\\/eveiletdevine.fr\\\/\"},{\"@type\":\"ListItem\",\"position\":2,\"name\":\"Accueil\"}]},{\"@type\":\"WebSite\",\"@id\":\"https:\\\/\\\/eveiletdevine.fr\\\/#website\",\"url\":\"https:\\\/\\\/eveiletdevine.fr\\\/\",\"name\":\"\u00c9VEIL &amp; DEVINE!\",\"description\":\"R\u00e9vises en t&#039;amusant!\",\"publisher\":{\"@id\":\"https:\\\/\\\/eveiletdevine.fr\\\/#organization\"},\"potentialAction\":[{\"@type\":\"SearchAction\",\"target\":{\"@type\":\"EntryPoint\",\"urlTemplate\":\"https:\\\/\\\/eveiletdevine.fr\\\/?s={search_term_string}\"},\"query-input\":{\"@type\":\"PropertyValueSpecification\",\"valueRequired\":true,\"valueName\":\"search_term_string\"}}],\"inLanguage\":\"fr-FR\"},{\"@type\":\"Organization\",\"@id\":\"https:\\\/\\\/eveiletdevine.fr\\\/#organization\",\"name\":\"\u00c9VEIL &amp; DEVINE!\",\"url\":\"https:\\\/\\\/eveiletdevine.fr\\\/\",\"logo\":{\"@type\":\"ImageObject\",\"inLanguage\":\"fr-FR\",\"@id\":\"https:\\\/\\\/eveiletdevine.fr\\\/#\\\/schema\\\/logo\\\/image\\\/\",\"url\":\"https:\\\/\\\/eveiletdevine.fr\\\/wp-content\\\/uploads\\\/2026\\\/05\\\/LOGO-EVEIL-ET-DEVINES.png\",\"contentUrl\":\"https:\\\/\\\/eveiletdevine.fr\\\/wp-content\\\/uploads\\\/2026\\\/05\\\/LOGO-EVEIL-ET-DEVINES.png\",\"width\":2048,\"height\":2048,\"caption\":\"\u00c9VEIL &amp; DEVINE!\"},\"image\":{\"@id\":\"https:\\\/\\\/eveiletdevine.fr\\\/#\\\/schema\\\/logo\\\/image\\\/\"}}]}<\/script>\n<!-- \/ Yoast SEO plugin. -->","yoast_head_json":{"title":"Accueil - \u00c9VEIL &amp; DEVINE!","robots":{"index":"index","follow":"follow","max-snippet":"max-snippet:-1","max-image-preview":"max-image-preview:large","max-video-preview":"max-video-preview:-1"},"canonical":"https:\/\/eveiletdevine.fr\/?page_id=15","og_locale":"fr_FR","og_type":"article","og_title":"Accueil - \u00c9VEIL &amp; DEVINE!","og_description":"PDF de r\u00e9vision clairs et pr\u00eats \u00e0 t\u00e9l\u00e9charger! Des fiches simples pour r\u00e9viser rapidement et efficacement. Voir les PDF&nbsp; \ud83d\udce5T\u00e9l\u00e9chargement imm\u00e9diat \ud83d\udcdaR\u00e9visions structur\u00e9es \u26a1Acc\u00e8s instantan\u00e9","og_url":"https:\/\/eveiletdevine.fr\/?page_id=15","og_site_name":"\u00c9VEIL &amp; DEVINE!","article_modified_time":"2026-05-04T16:51:38+00:00","twitter_card":"summary_large_image","twitter_misc":{"Dur\u00e9e de lecture estim\u00e9e":"1 minute"},"schema":{"@context":"https:\/\/schema.org","@graph":[{"@type":"WebPage","@id":"https:\/\/eveiletdevine.fr\/?page_id=15","url":"https:\/\/eveiletdevine.fr\/?page_id=15","name":"Accueil - \u00c9VEIL &amp; DEVINE!","isPartOf":{"@id":"https:\/\/eveiletdevine.fr\/#website"},"datePublished":"2026-05-04T15:42:41+00:00","dateModified":"2026-05-04T16:51:38+00:00","breadcrumb":{"@id":"https:\/\/eveiletdevine.fr\/?page_id=15#breadcrumb"},"inLanguage":"fr-FR","potentialAction":[{"@type":"ReadAction","target":["https:\/\/eveiletdevine.fr\/?page_id=15"]}]},{"@type":"BreadcrumbList","@id":"https:\/\/eveiletdevine.fr\/?page_id=15#breadcrumb","itemListElement":[{"@type":"ListItem","position":1,"name":"Home","item":"https:\/\/eveiletdevine.fr\/"},{"@type":"ListItem","position":2,"name":"Accueil"}]},{"@type":"WebSite","@id":"https:\/\/eveiletdevine.fr\/#website","url":"https:\/\/eveiletdevine.fr\/","name":"\u00c9VEIL &amp; DEVINE!","description":"R\u00e9vises en t&#039;amusant!","publisher":{"@id":"https:\/\/eveiletdevine.fr\/#organization"},"potentialAction":[{"@type":"SearchAction","target":{"@type":"EntryPoint","urlTemplate":"https:\/\/eveiletdevine.fr\/?s={search_term_string}"},"query-input":{"@type":"PropertyValueSpecification","valueRequired":true,"valueName":"search_term_string"}}],"inLanguage":"fr-FR"},{"@type":"Organization","@id":"https:\/\/eveiletdevine.fr\/#organization","name":"\u00c9VEIL &amp; DEVINE!","url":"https:\/\/eveiletdevine.fr\/","logo":{"@type":"ImageObject","inLanguage":"fr-FR","@id":"https:\/\/eveiletdevine.fr\/#\/schema\/logo\/image\/","url":"https:\/\/eveiletdevine.fr\/wp-content\/uploads\/2026\/05\/LOGO-EVEIL-ET-DEVINES.png","contentUrl":"https:\/\/eveiletdevine.fr\/wp-content\/uploads\/2026\/05\/LOGO-EVEIL-ET-DEVINES.png","width":2048,"height":2048,"caption":"\u00c9VEIL &amp; DEVINE!"},"image":{"@id":"https:\/\/eveiletdevine.fr\/#\/schema\/logo\/image\/"}}]}},"_links":{"self":[{"href":"https:\/\/eveiletdevine.fr\/index.php?rest_route=\/wp\/v2\/pages\/15","targetHints":{"allow":["GET"]}}],"collection":[{"href":"https:\/\/eveiletdevine.fr\/index.php?rest_route=\/wp\/v2\/pages"}],"about":[{"href":"https:\/\/eveiletdevine.fr\/index.php?rest_route=\/wp\/v2\/types\/page"}],"author":[{"embeddable":true,"href":"https:\/\/eveiletdevine.fr\/index.php?rest_route=\/wp\/v2\/users\/1"}],"replies":[{"embeddable":true,"href":"https:\/\/eveiletdevine.fr\/index.php?rest_route=%2Fwp%2Fv2%2Fcomments&post=15"}],"version-history":[{"count":4,"href":"https:\/\/eveiletdevine.fr\/index.php?rest_route=\/wp\/v2\/pages\/15\/revisions"}],"predecessor-version":[{"id":54,"href":"https:\/\/eveiletdevine.fr\/index.php?rest_route=\/wp\/v2\/pages\/15\/revisions\/54"}],"wp:attachment":[{"href":"https:\/\/eveiletdevine.fr\/index.php?rest_route=%2Fwp%2Fv2%2Fmedia&parent=15"}],"curies":[{"name":"wp","href":"https:\/\/api.w.org\/{rel}","templated":true}]}}